{"id":3,"date":"2025-02-18T06:45:48","date_gmt":"2025-02-18T06:45:48","guid":{"rendered":"https:\/\/lefilatelier.com\/?page_id=3"},"modified":"2025-03-11T13:27:25","modified_gmt":"2025-03-11T13:27:25","slug":"privacy-policy-2","status":"publish","type":"page","link":"https:\/\/lefilatelier.com\/de\/privacy-policy-2\/","title":{"rendered":"Datenschutz"},"content":{"rendered":"\n<p>Gest\u00fctzt auf Artikel 12 der schweizerischen Bundesverfassung und die datenschutzrechtlichen Bestimmungen des Bundes (Datenschutzgesetz, DSG) hat jede Person Anspruch auf Schutz ihrer Privatsph\u00e4re sowie auf Schutz vor Missbrauch ihrer pers\u00f6nlichen Daten.<br><br>Als Betreiber dieser Webseite nehmen wir den Schutz Ihrer pers\u00f6nlichen Daten sehr ernst. Daher behandeln wir Ihre personenbezogenen Daten vertraulich und entsprechend der gesetzlichen Datenschutzvorschriften sowie der vorliegenden Datenschutzerkl\u00e4rung. Die Daten werden ausschliesslich f\u00fcr die Erf\u00fcllung der Verpflichtungen aus dem Kaufvertrag und f\u00fcr Marketingzwecke von Le Fil Atelier verwendet. Pers\u00f6nliche Daten werden streng vertraulich behandelt und nur an beauftragte Dienstleistungspartner (Logistikpartner) oder sonstige Dritte weitergegeben werden, sofern dies zur Leistungserf\u00fcllung notwendig ist.<br><br>In enger Zusammenarbeit mit unseren Hosting-Providern bem\u00fchen wir uns, die Datenbanken so gut wie m\u00f6glich vor fremden Zugriffen, Verlusten, Missbrauch oder vor F\u00e4lschung zu sch\u00fctzen.<br><br>Wir weisen Sie ausdr\u00fccklich darauf hin, dass die Daten\u00fcbertragung im Internet grunds\u00e4tzlich Sicherheitsl\u00fccken aufweisen kann. Ein l\u00fcckenloser Schutz der Daten vor dem Zugriff durch Dritte ist daher nicht m\u00f6glich. Allerdings setzen wir alles daran, unsere Webseite stets auf aktuellstem Sicherheitsstand zu halten.<br><br>Beim Zugriff auf unsere Webseite werden folgende Daten in Logfiles gespeichert: IP-Adresse, Datum, Uhrzeit, Browser-Anfrage und allgemein \u00fcbertragene Informationen zum Betriebssystem respektive Browser. Die Webseite kann grunds\u00e4tzlich ohne Registrierung besucht werden.<br><br>Durch die Nutzung dieser Webseite erkl\u00e4ren Sie sich mit der Erhebung, Verarbeitung und Nutzung von Daten gem\u00e4ss der nachfolgenden Beschreibung einverstanden.<\/p>\n\n\n\n<h3 class=\"wp-block-heading\">Datenschutzerkl\u00e4rung f\u00fcr Cookies<\/h3>\n\n\n\n<p>Diese Webseite kann Cookies verwenden. Das sind kleine Textdateien, die es m\u00f6glich machen, auf dem Endger\u00e4t des Nutzers spezifische, auf den Nutzer bezogene Informationen zu speichern, w\u00e4hrend er die Website nutzt.<br><br>Cookies erm\u00f6glichen es, insbesondere Nutzungsh\u00e4ufigkeit und Nutzeranzahl der Seiten zu ermitteln, Verhaltensweisen der Seitennutzung zu analysieren, aber auch unser Angebot kundenfreundlicher zu gestalten.<br><br>Cookies bleiben \u00fcber das Ende einer Browser-Sitzung gespeichert und k\u00f6nnen bei einem erneuten Seitenbesuch wieder aufgerufen werden. Wenn Sie das nicht w\u00fcnschen, sollten Sie Ihren Internetbrowser so einstellen, dass er die Annahme von Cookies verweigert.<\/p>\n\n\n\n<h3 class=\"wp-block-heading\">Datenschutzerkl\u00e4rung f\u00fcr SSL-Verschl\u00fcsselung<\/h3>\n\n\n\n<p>Diese Webseite nutzt aus Gr\u00fcnden der Sicherheit und zum Schutz der \u00dcbertragung vertraulicher Inhalte, wie zum Beispiel der Anfragen, die Sie an uns als Seitenbetreiber senden, eine SSL-Verschl\u00fcsselung. Eine verschl\u00fcsselte Verbindung erkennen Sie daran, dass die Adresszeile des Browsers von &#171;http:\/\/&#187; auf &#171;https:\/\/&#187; wechselt und an dem Schloss-Symbol in Ihrer Browserzeile.<br><br>Wenn die SSL Verschl\u00fcsselung aktiviert ist, k\u00f6nnen die Daten, die Sie an uns \u00fcbermitteln, nicht von Dritten mitgelesen werden.<\/p>\n\n\n\n<h3 class=\"wp-block-heading\">Datenschutzerkl\u00e4rung f\u00fcr Google Analytics<\/h3>\n\n\n\n<p>Diese Webseite verwendet Google Analytics, einen Webanalysedienst von Google Inc., 1600 Amphitheatre Parkway, Mountain View, CA 94043, USA. Zur Deaktivierung von Google Analytics stellt Google unter https:\/\/tools.google.com\/dlpage\/gaoptout?hl=de ein Browser-Plug-In zur Verf\u00fcgung. Google Analytics verwendet Cookies. Das sind kleine Textdateien, die es m\u00f6glich machen, auf dem Endger\u00e4t des Nutzers spezifische, auf den Nutzer bezogene Informationen zu speichern. Diese erm\u00f6glichen eine Analyse der Nutzung unseres Websiteangebotes durch Google. Die durch den Cookie erfassten Informationen \u00fcber die Nutzung unserer Seiten (einschliesslich Ihrer IP-Adresse) werden in der Regel an einen Server von Google in den USA \u00fcbertragen und dort gespeichert. Mehr erfahren Sie unter: https:\/\/www.google.com\/intl\/de\/analytics\/privacyoverview.html<\/p>\n\n\n\n<h3 class=\"wp-block-heading\">Datenschutzerkl\u00e4rung f\u00fcr YouTube<\/h3>\n\n\n\n<p>Diese Webseite nutzt Plugins der von Google betriebenen Seite YouTube. Betreiber der Seite ist die YouTube, LLC, 901 Cherry Ave., San Bruno, CA 94066, USA. Wenn Sie eine unserer mit einem YouTube-Plugin ausgestatteten Seiten besuchen, wird eine Verbindung zu den Servern von YouTube hergestellt. Dabei wird dem Youtube-Server mitgeteilt, welche unserer Seiten Sie besucht haben.<br><br>Wenn Sie in Ihrem YouTube-Account eingeloggt sind erm\u00f6glichen Sie YouTube, Ihr Surfverhalten direkt Ihrem pers\u00f6nlichen Profil zuzuordnen. Dies k\u00f6nnen Sie verhindern, indem Sie sich aus Ihrem YouTube-Account ausloggen.<br><br>Weitere Informationen zum Umgang von Nutzerdaten finden Sie in der Datenschutzerkl\u00e4rung von YouTube unter: https:\/\/www.google.de\/intl\/de\/policies\/privacy<\/p>\n\n\n\n<h3 class=\"wp-block-heading\">Datenschutzerkl\u00e4rung f\u00fcr Google Fonts<\/h3>\n\n\n\n<p>Auf unseren Webseiten binden wir die Schriftarten \u201eOpen Sans Condensed\u201c \u00fcber den Google-Service Google Fonts ein. Der Anbieter ist hierbei Google LLC mit Sitz 1600 Amphitheatre Parkway, Mountain View, CA 94043, USA Die entsprechende Datenschutzerkl\u00e4rung vom Serviceanbieter (Google LLC) ist unter dem folgenden Link erreichbar: www.google.com\/policies\/privacy\/ Sofern der Serviceanbieter (Google LLC) Daten zur Benutzung des Dienstes speichert, k\u00f6nnen Sie der Teilnahme an der Datensammlung \u00fcber folgenden Link widersprechen (Opt-Out): https:\/\/adssettings.google.com\/authenticated<\/p>\n\n\n\n<h3 class=\"wp-block-heading\">Datenschutzerkl\u00e4rung Smartsupp Chatfunktion<\/h3>\n\n\n\n<p>Personenbezogene Daten werden von Smartsupp.com, s.r.o., USt.-ID CZ03668681 (weiter als &#171;Smartsupp&#187;) verarbeitet. Smartsupp ist der Datenverarbeiter, der im Namen des Eigent\u00fcmers der Website handelt, welcher Kontrolle \u00fcber die Daten hat. Smartsupp ist DSGVO konform. Informationen zum Datenschutz und zur Verarbeitung von personenbezogenen Daten finden Sie unter www.smartsupp.com\/privacy. Die Verarbeitung Ihrer pers\u00f6nlichen Daten ist notwendig, um den Kundenservice zu gew\u00e4hrleisten. Bitte wenden Sie sich an den Eigent\u00fcmer der Website, wenn Sie Fragen bez\u00fcglich der Verarbeitung personenbezogener Daten haben oder falls Sie Ihre personenbezogenen Daten anfordern oder l\u00f6schen m\u00f6chten.<\/p>\n\n\n\n<h3 class=\"wp-block-heading\">Urheberrechte<\/h3>\n\n\n\n<p>Die Urheber- und alle anderen Rechte an Inhalten, Bildern, Fotos oder anderen Dateien auf der Website, geh\u00f6ren ausschliesslich dem Betreiber dieser Website oder den speziell genannten Rechteinhabern. F\u00fcr die Reproduktion von s\u00e4mtlichen Dateien, ist die schriftliche Zustimmung des Urheberrechtstr\u00e4gers im Voraus einzuholen.<br><br>Wer ohne Einwilligung des jeweiligen Rechteinhabers eine Urheberrechtsverletzung begeht, kann sich strafbar und allenfalls schadenersatzpflichtig machen.<\/p>\n\n\n\n<h3 class=\"wp-block-heading\">Eingebettete Inhalte von anderen Webseiten<\/h3>\n\n\n\n<p>Beitr\u00e4ge auf dieser Webseite k\u00f6nnen eingebettete Inhalte beinhalten (z. B. Videos, Bilder, Beitr\u00e4ge etc.). Eingebettete Inhalte von anderen Websites verhalten sich exakt so, als ob der Besucher die andere Website besucht h\u00e4tte.<br><br>Diese Websites k\u00f6nnen Daten \u00fcber dich sammeln, Cookies benutzen, zus\u00e4tzliche Tracking-Dienste von Dritten einbetten und deine Interaktion mit diesem eingebetteten Inhalt aufzeichnen, falls du ein Konto hast und auf dieser Website angemeldet bist.<\/p>\n\n\n\n<h3 class=\"wp-block-heading\">Allgemeiner Haftungsausschluss<\/h3>\n\n\n\n<p>Alle Angaben unseres Internetangebotes wurden sorgf\u00e4ltig gepr\u00fcft. Wir bem\u00fchen uns, unser Informationsangebot aktuell, inhaltlich richtig und vollst\u00e4ndig anzubieten. Trotzdem kann das Auftreten von Fehlern nicht v\u00f6llig ausgeschlossen werden, womit wir keine Garantie f\u00fcr Vollst\u00e4ndigkeit, Richtigkeit und Aktualit\u00e4t von Informationen auch journalistisch-redaktioneller Art \u00fcbernehmen k\u00f6nnen. Haftungsanspr\u00fcche aus Sch\u00e4den materieller oder ideeller Art, die durch die Nutzung der angebotenen Informationen verursacht wurden, sind ausgeschlossen, sofern kein nachweislich vors\u00e4tzliches oder grob fahrl\u00e4ssiges Verschulden vorliegt.<br><br>Der Herausgeber kann nach eigenem Ermessen und ohne Ank\u00fcndigung Texte ver\u00e4ndern oder l\u00f6schen und ist nicht verpflichtet, Inhalte dieser Website zu aktualisieren. Die Benutzung bzw. der Zugang zu dieser Website geschieht auf eigene Gefahr des Besuchers. Der Herausgeber, seine Auftraggeber oder Partner sind nicht verantwortlich f\u00fcr Sch\u00e4den, wie direkte, indirekte, zuf\u00e4llige, vorab konkret zu bestimmende oder Folgesch\u00e4den, die angeblich durch den Besuch dieser Website entstanden sind und \u00fcbernehmen hierf\u00fcr folglich keine Haftung.<br><br>Der Herausgeber \u00fcbernimmt ebenfalls keine Verantwortung und Haftung f\u00fcr die Inhalte und die Verf\u00fcgbarkeit von Webseiten Dritter, die \u00fcber externe Links dieser Webseite erreichbar sind. F\u00fcr den Inhalt der verlinkten Seiten sind ausschliesslich deren Betreiber verantwortlich. Der Herausgeber distanziert sich damit ausdr\u00fccklich von allen Inhalten Dritter, die m\u00f6glicherweise straf- oder haftungsrechtlich relevant sind oder gegen die guten Sitten verstossen.<\/p>\n\n\n\n<h3 class=\"wp-block-heading\">\u00c4nderungen<\/h3>\n\n\n\n<p>Wir k\u00f6nnen diese Datenschutzerkl\u00e4rung jederzeit ohne Vorank\u00fcndigung anpassen. Es gilt die jeweils aktuelle, auf unserer Website publizierte Fassung.<\/p>\n\n\n\n<h3 class=\"wp-block-heading\">Fragen<\/h3>\n\n\n\n<p>Wenn Sie Fragen zum Datenschutz haben, schreiben Sie uns bitte eine E-Mail an <a href=\"mailto:hello@lefilatelier.com\">hello@lefilatelier.com<\/a>.<\/p>\n","protected":false},"excerpt":{"rendered":"<p>Gest\u00fctzt auf Artikel 12 der schweizerischen Bundesverfassung und die datenschutzrechtlichen Bestimmungen des Bundes (Datenschutzgesetz, DSG) hat jede Person Anspruch auf Schutz ihrer Privatsph\u00e4re sowie auf Schutz vor Missbrauch ihrer pers\u00f6nlichen Daten. Als Betreiber dieser Webseite nehmen wir den Schutz Ihrer pers\u00f6nlichen Daten sehr ernst. Daher behandeln wir Ihre personenbezogenen Daten vertraulich und entsprechend der gesetzlichen [&hellip;]<\/p>\n","protected":false},"author":1,"featured_media":919,"parent":0,"menu_order":0,"comment_status":"closed","ping_status":"closed","template":"","meta":{"footnotes":""},"class_list":["post-3","page","type-page","status-publish","has-post-thumbnail","hentry"],"blocksy_meta":[],"_links":{"self":[{"href":"https:\/\/lefilatelier.com\/de\/wp-json\/wp\/v2\/pages\/3","targetHints":{"allow":["GET"]}}],"collection":[{"href":"https:\/\/lefilatelier.com\/de\/wp-json\/wp\/v2\/pages"}],"about":[{"href":"https:\/\/lefilatelier.com\/de\/wp-json\/wp\/v2\/types\/page"}],"author":[{"embeddable":true,"href":"https:\/\/lefilatelier.com\/de\/wp-json\/wp\/v2\/users\/1"}],"replies":[{"embeddable":true,"href":"https:\/\/lefilatelier.com\/de\/wp-json\/wp\/v2\/comments?post=3"}],"version-history":[{"count":3,"href":"https:\/\/lefilatelier.com\/de\/wp-json\/wp\/v2\/pages\/3\/revisions"}],"predecessor-version":[{"id":939,"href":"https:\/\/lefilatelier.com\/de\/wp-json\/wp\/v2\/pages\/3\/revisions\/939"}],"wp:featuredmedia":[{"embeddable":true,"href":"https:\/\/lefilatelier.com\/de\/wp-json\/wp\/v2\/media\/919"}],"wp:attachment":[{"href":"https:\/\/lefilatelier.com\/de\/wp-json\/wp\/v2\/media?parent=3"}],"curies":[{"name":"wp","href":"https:\/\/api.w.org\/{rel}","templated":true}]}}