{"id":653,"date":"2022-02-13T16:28:59","date_gmt":"2022-02-13T16:28:59","guid":{"rendered":"https:\/\/startersites.io\/stagingfour\/?page_id=653"},"modified":"2025-03-27T09:04:02","modified_gmt":"2025-03-27T09:04:02","slug":"about","status":"publish","type":"page","link":"https:\/\/lefilatelier.com\/de\/about\/","title":{"rendered":"\u00dcber uns"},"content":{"rendered":"\n<div class=\"wp-block-stackable-spacer stk-block-spacer stk--no-padding stk-block stk-3cdf45c\" data-block-id=\"3cdf45c\"><style>.stk-3cdf45c {height:100px !important;}@media screen and (max-width:999px){.stk-3cdf45c {height:70px !important;}}@media screen and (max-width:689px){.stk-3cdf45c {height:50px !important;}}<\/style><\/div>\n\n\n\n<div class=\"wp-block-stackable-columns stk-block-columns stk-block stk-3574066\" data-block-id=\"3574066\"><style>.stk-3574066 {margin-bottom:0px !important;}.stk-3574066-column{--stk-column-gap:35px !important;row-gap:50px !important;}<\/style><div class=\"stk-row stk-inner-blocks stk-block-content stk-content-align stk-3574066-column\">\n<div class=\"wp-block-stackable-column stk-block-column stk-column stk-block stk-24e8ccc\" data-v=\"4\" data-block-id=\"24e8ccc\"><style>.stk-24e8ccc-container{margin-top:0px !important;margin-right:0px !important;margin-bottom:0px !important;margin-left:0px !important;}@media screen and (min-width:690px){.stk-24e8ccc {flex:var(--stk-flex-grow, 1) 1 calc(40% - var(--stk-column-gap, 0px) * 1 \/ 2 ) !important;}}<\/style><div class=\"stk-column-wrapper stk-block-column__content stk-container stk-24e8ccc-container stk--no-background stk--no-padding\"><div class=\"has-text-align-center-mobile stk-block-content stk-inner-blocks stk-24e8ccc-inner-blocks\">\n<div class=\"wp-block-stackable-heading stk-block-heading stk-block-heading--v2 stk-block stk-474a91b\" id=\"technik-trifft-auf-handwerk-und-asthetik\" data-block-id=\"474a91b\"><style>.stk-474a91b {margin-bottom:20px !important;}@media screen and (max-width:689px){.stk-474a91b {margin-bottom:30px !important;}.stk-474a91b .stk-block-heading__text{font-size:25px !important;}}<\/style><h2 class=\"stk-block-heading__text stk-block-heading--use-theme-margins\">Technik trifft auf Handwerk und \u00c4sthetik<\/h2><\/div>\n<\/div><\/div><\/div>\n\n\n\n<div class=\"wp-block-stackable-column stk-block-column stk-column stk-block stk-19045a8\" data-v=\"4\" data-block-id=\"19045a8\"><style>.stk-19045a8-container{margin-top:0px !important;margin-right:0px !important;margin-bottom:0px !important;margin-left:0px !important;}@media screen and (min-width:690px){.stk-19045a8 {flex:var(--stk-flex-grow, 1) 1 calc(60% - var(--stk-column-gap, 0px) * 1 \/ 2 ) !important;}}<\/style><div class=\"stk-column-wrapper stk-block-column__content stk-container stk-19045a8-container stk--no-background stk--no-padding\"><div class=\"has-text-align-center-mobile stk-block-content stk-inner-blocks stk-19045a8-inner-blocks\">\n<p>Hast du dich schon mal gefragt, was passiert, wenn sich eine Herzblut-Strickerin mit hohen \u00c4sthetik-Anspr\u00fcchen und ein Ingenieur mit T\u00fcftler-Geist zusammentun? Wir k\u00f6nnen es dir verraten: es entsteht die wunderbare Geschichte von Le Fil. &nbsp;Ein Atelier, das sich \u00e4sthetisch ansprechenden und funktionalen Tools widmet, die dir dein kreatives Wirken erleichtern und versch\u00f6nern.<\/p>\n<\/div><\/div><\/div>\n<\/div><\/div>\n\n\n\n<div class=\"wp-block-stackable-spacer stk-block-spacer stk--no-padding stk-block stk-1474d5c\" data-block-id=\"1474d5c\"><style>.stk-1474d5c {height:50px !important;}@media screen and (max-width:999px){.stk-1474d5c {height:70px !important;}}@media screen and (max-width:689px){.stk-1474d5c {height:70px !important;}}<\/style><\/div>\n\n\n\n<div class=\"wp-block-stackable-feature stk-block-feature stk-block stk-41f2856 is-style-default\" data-v=\"2\" data-block-id=\"41f2856\"><style>.stk-41f2856 {--stk-feature-flex-wrap:nowrap !important;margin-bottom:50px !important;}<\/style><div class=\"stk-content-align stk-41f2856-column stk-container stk-41f2856-container stk--no-background stk--no-padding\"><div class=\"stk-inner-blocks stk-block-content stk-row\">\n<div class=\"wp-block-stackable-column stk-block-column stk-column stk-block stk-799d3d8\" data-v=\"4\" data-block-id=\"799d3d8\"><style>.stk-799d3d8 {align-self:center !important;}<\/style><div class=\"stk-column-wrapper stk-block-column__content stk-container stk-799d3d8-container stk--no-background stk--no-padding\"><div class=\"stk-block-content stk-inner-blocks stk-799d3d8-inner-blocks\">\n<div class=\"wp-block-stackable-text stk-block-text stk-block stk-f784f06\" data-block-id=\"f784f06\"><p class=\"stk-block-text__text\">Da haben sich zwei gefunden: Anna strickt seit Kindesbeinen und spr\u00fcht vor lauter Ideen f\u00fcr Gadgets, welche ihr Lieblingshobby noch angenehmer gestalten k\u00f6nnten. Daniel hat definitiv den richtigen Vornamen, denn er ist tats\u00e4chlich ein D\u00fcsentrieb. Er liebt Herausforderungen und findet f\u00fcr jedes noch so anspruchsvolle Problem von Anna eine passende und gleichzeitig stilvolle L\u00f6sung. Kurzum: It\u2019s a match!<\/p><\/div>\n<\/div><\/div><\/div>\n\n\n\n<div class=\"wp-block-stackable-column stk-block-column stk-column stk-block stk-7bacf75\" data-v=\"4\" data-block-id=\"7bacf75\"><style>.stk-7bacf75 {align-self:center !important;}<\/style><div class=\"stk-column-wrapper stk-block-column__content stk-container stk-7bacf75-container stk--no-background stk--no-padding\"><div class=\"stk-block-content stk-inner-blocks stk-7bacf75-inner-blocks\">\n<div class=\"wp-block-stackable-image stk-block-image stk-block stk-2945af2\" data-block-id=\"2945af2\"><style>.stk-2945af2 .stk-img-wrapper{width:100% !important;height:450px !important;}<\/style><figure><span class=\"stk-img-wrapper stk-image--shape-stretch\"><img loading=\"lazy\" decoding=\"async\" class=\"stk-img wp-image-1007\" src=\"https:\/\/lefilatelier.com\/wp-content\/uploads\/2025\/03\/Design-ohne-Titel-43.jpg\" width=\"800\" height=\"800\" srcset=\"https:\/\/lefilatelier.com\/wp-content\/uploads\/2025\/03\/Design-ohne-Titel-43.jpg 800w, https:\/\/lefilatelier.com\/wp-content\/uploads\/2025\/03\/Design-ohne-Titel-43-300x300.jpg 300w, https:\/\/lefilatelier.com\/wp-content\/uploads\/2025\/03\/Design-ohne-Titel-43-150x150.jpg 150w, https:\/\/lefilatelier.com\/wp-content\/uploads\/2025\/03\/Design-ohne-Titel-43-768x768.jpg 768w, https:\/\/lefilatelier.com\/wp-content\/uploads\/2025\/03\/Design-ohne-Titel-43-12x12.jpg 12w\" sizes=\"auto, (max-width: 800px) 100vw, 800px\" \/><\/span><\/figure><\/div>\n<\/div><\/div><\/div>\n<\/div><\/div><\/div>\n\n\n\n<div class=\"wp-block-stackable-columns stk-block-columns stk-block stk-2d17665\" data-block-id=\"2d17665\"><style>.stk-2d17665 {margin-bottom:0px !important;}.stk-2d17665-column{--stk-column-gap:35px !important;row-gap:50px !important;}<\/style><div class=\"stk-row stk-inner-blocks stk-block-content stk-content-align stk-2d17665-column\">\n<div class=\"wp-block-stackable-column stk-block-column stk-column stk-block stk-c289680\" data-v=\"4\" data-block-id=\"c289680\"><style>.stk-c289680-container{margin-top:0px !important;margin-right:0px !important;margin-bottom:0px !important;margin-left:0px !important;}@media screen and (min-width:690px){.stk-c289680 {flex:var(--stk-flex-grow, 1) 1 calc(40.099999999999994% - var(--stk-column-gap, 0px) * 1 \/ 2 ) !important;}}<\/style><div class=\"stk-column-wrapper stk-block-column__content stk-container stk-c289680-container stk--no-background stk--no-padding\"><div class=\"has-text-align-center-mobile stk-block-content stk-inner-blocks stk-c289680-inner-blocks\">\n<div class=\"wp-block-stackable-heading stk-block-heading stk-block-heading--v2 stk-block stk-0a73ca4\" id=\"mit-innovation-einen-mehrwert-stiften\" data-block-id=\"0a73ca4\"><style>.stk-0a73ca4 {margin-bottom:20px !important;}@media screen and (max-width:689px){.stk-0a73ca4 {margin-bottom:30px !important;}.stk-0a73ca4 .stk-block-heading__text{font-size:25px !important;}}<\/style><h2 class=\"stk-block-heading__text stk-block-heading--use-theme-margins\">Mit Innovation einen Mehrwert stiften<\/h2><\/div>\n<\/div><\/div><\/div>\n\n\n\n<div class=\"wp-block-stackable-column stk-block-column stk-column stk-block stk-7f91857\" data-v=\"4\" data-block-id=\"7f91857\"><style>.stk-7f91857-container{margin-top:0px !important;margin-right:0px !important;margin-bottom:0px !important;margin-left:0px !important;}@media screen and (min-width:690px){.stk-7f91857 {flex:var(--stk-flex-grow, 1) 1 calc(59.9% - var(--stk-column-gap, 0px) * 1 \/ 2 ) !important;}}<\/style><div class=\"stk-column-wrapper stk-block-column__content stk-container stk-7f91857-container stk--no-background stk--no-padding\"><div class=\"has-text-align-center-mobile stk-block-content stk-inner-blocks stk-7f91857-inner-blocks\">\n<p>Mit <strong>Le Fil Atelier<\/strong> haben wir uns zum Ziel gesetzt, ansprechende und gleichzeitig praktische Accessoires zu entwickeln, die spezifisch auf die Bed\u00fcrfnisse von Stricker- und H\u00e4kler*innen ausgelegt sind. Mit innovativen Designs stiften wir f\u00fcr die Strick- und H\u00e4kelwelt einen Mehrwert. Dabei liegen uns die Produktion in der Schweiz, ein ressourcenschonender Designansatz sowie h\u00f6chste Qualit\u00e4tsanspr\u00fcche am Herzen. <\/p>\n\n\n\n<p>Mit Le Fil verbinden wir zwei Welten \u2013 Technik und Handarbeit. So ist auch unser Name eine Hommage an diese beiden: Filament als das Rohmaterial im 3D-Druck und der Faden (auf Franz\u00f6sisch \u00able fil\u00bb) als Nr. 1 Zutat f\u00fcrs Stricken und H\u00e4keln.<br><\/p>\n<\/div><\/div><\/div>\n<\/div><\/div>\n\n\n\n<div class=\"wp-block-stackable-spacer stk-block-spacer stk--no-padding stk-block stk-1d405f1\" data-block-id=\"1d405f1\"><style>.stk-1d405f1 {height:50px !important;}@media screen and (max-width:999px){.stk-1d405f1 {height:70px !important;}}@media screen and (max-width:689px){.stk-1d405f1 {height:70px !important;}}<\/style><\/div>\n\n\n\n<figure class=\"wp-block-gallery has-nested-images columns-default is-cropped wp-block-gallery-1 is-layout-flex wp-block-gallery-is-layout-flex\">\n<figure class=\"wp-block-image size-large\"><img loading=\"lazy\" decoding=\"async\" width=\"800\" height=\"800\" data-id=\"1057\" src=\"https:\/\/lefilatelier.com\/wp-content\/uploads\/2025\/03\/Design-ohne-Titel-5-1.png\" alt=\"\" class=\"wp-image-1057\" srcset=\"https:\/\/lefilatelier.com\/wp-content\/uploads\/2025\/03\/Design-ohne-Titel-5-1.png 800w, https:\/\/lefilatelier.com\/wp-content\/uploads\/2025\/03\/Design-ohne-Titel-5-1-300x300.png 300w, https:\/\/lefilatelier.com\/wp-content\/uploads\/2025\/03\/Design-ohne-Titel-5-1-150x150.png 150w, https:\/\/lefilatelier.com\/wp-content\/uploads\/2025\/03\/Design-ohne-Titel-5-1-768x768.png 768w, https:\/\/lefilatelier.com\/wp-content\/uploads\/2025\/03\/Design-ohne-Titel-5-1-12x12.png 12w\" sizes=\"auto, (max-width: 800px) 100vw, 800px\" \/><\/figure>\n\n\n\n<figure class=\"wp-block-image size-large\"><img loading=\"lazy\" decoding=\"async\" width=\"800\" height=\"800\" data-id=\"1056\" src=\"https:\/\/lefilatelier.com\/wp-content\/uploads\/2025\/03\/Design-ohne-Titel-48.jpg\" alt=\"\" class=\"wp-image-1056\" srcset=\"https:\/\/lefilatelier.com\/wp-content\/uploads\/2025\/03\/Design-ohne-Titel-48.jpg 800w, https:\/\/lefilatelier.com\/wp-content\/uploads\/2025\/03\/Design-ohne-Titel-48-300x300.jpg 300w, https:\/\/lefilatelier.com\/wp-content\/uploads\/2025\/03\/Design-ohne-Titel-48-150x150.jpg 150w, https:\/\/lefilatelier.com\/wp-content\/uploads\/2025\/03\/Design-ohne-Titel-48-768x768.jpg 768w, https:\/\/lefilatelier.com\/wp-content\/uploads\/2025\/03\/Design-ohne-Titel-48-12x12.jpg 12w\" sizes=\"auto, (max-width: 800px) 100vw, 800px\" \/><\/figure>\n<\/figure>\n\n\n\n<div class=\"wp-block-stackable-spacer stk-block-spacer stk--no-padding stk-block stk-6747c2a\" data-block-id=\"6747c2a\"><style>.stk-6747c2a {height:50px !important;}@media screen and (max-width:999px){.stk-6747c2a {height:70px !important;}}@media screen and (max-width:689px){.stk-6747c2a {height:70px !important;}}<\/style><\/div>\n\n\n\n<p><br>Wir freuen uns, dich hier zu haben! Folge uns gerne auf <a href=\"https:\/\/www.instagram.com\/lefil.atelier\/\" data-type=\"link\" data-id=\"https:\/\/www.instagram.com\/lefil.atelier\/\" target=\"_blank\" rel=\"noreferrer noopener\">Instagram<\/a> f\u00fcr noch mehr Einblicke, Behind The Scenes und unsere Reise von Le Fil!<br>Daniel &amp; Anna<br><\/p>\n\n\n\n<p>M\u00f6chtest du mehr \u00fcber uns erfahren, mit uns zusammenarbeiten oder hast sonst ein Anliegen? Setze dich mit uns in <a href=\"https:\/\/lefilatelier.com\/contact\/\" data-type=\"page\" data-id=\"654\">Verbindung<\/a>!<\/p>\n\n\n\n<div class=\"wp-block-stackable-spacer stk-block-spacer stk--no-padding stk-block stk-1a7d404\" data-block-id=\"1a7d404\"><style>.stk-1a7d404 {height:100px !important;}<\/style><\/div>\n","protected":false},"excerpt":{"rendered":"<p>Technik trifft auf Handwerk und \u00c4sthetik Hast du dich schon mal gefragt, was passiert, wenn sich eine Herzblut-Strickerin mit hohen \u00c4sthetik-Anspr\u00fcchen und ein Ingenieur mit T\u00fcftler-Geist zusammentun? Wir k\u00f6nnen es dir verraten: es entsteht die wunderbare Geschichte von Le Fil. &nbsp;Ein Atelier, das sich \u00e4sthetisch ansprechenden und funktionalen Tools widmet, die dir dein kreatives Wirken [&hellip;]<\/p>\n","protected":false},"author":1,"featured_media":919,"parent":0,"menu_order":0,"comment_status":"closed","ping_status":"closed","template":"","meta":{"footnotes":""},"class_list":["post-653","page","type-page","status-publish","has-post-thumbnail","hentry"],"blocksy_meta":{"styles_descriptor":{"styles":{"desktop":"","tablet":"","mobile":""},"google_fonts":[],"version":6},"page_title_panel":"","has_hero_section":"default","47531c9cc24d272b4d5f42bbe4da8bf0":"","hero_section":"type-1","hero_elements":[{"id":"custom_title","enabled":true,"heading_tag":"h1","title":"Home"},{"id":"custom_description","enabled":true,"description_visibility":{"desktop":true,"tablet":true,"mobile":false}},{"id":"custom_meta","enabled":false,"meta_elements":[{"id":"author","enabled":true,"label":"By","has_author_avatar":"yes","avatar_size":25},{"id":"post_date","enabled":true,"label":"On","date_format_source":"default","date_format":"M j, Y"},{"id":"updated_date","enabled":false,"label":"On","date_format_source":"default","date_format":"M j, Y"},{"id":"categories","enabled":false,"label":"In","style":"simple"},{"id":"comments","enabled":true}],"page_meta_elements":{"joined":true,"articles_count":true,"comments":true}},{"id":"breadcrumbs","enabled":false}],"87e21737c292eae681d6ec0215eb693f":"","hero_alignment1":"CT_CSS_SKIP_RULE","hero_margin":40,"hero_alignment2":"center","hero_vertical_alignment":"center","3c44f083dba4ae4a5300852a19810df6":"","hero_structure":"narrow","2b10ef27fe875036f9badb2e7195347f":"","page_title_bg_type":"featured_image","custom_hero_background":{"attachment_id":null},"parallax":{"desktop":false,"tablet":false,"mobile":false},"a86842ac07b9b2c9e49287abd318936e":"","hero_height":"250px","pageTitleFont":{"family":"Default","variation":"Default","size":"30px","line-height":"CT_CSS_SKIP_RULE","letter-spacing":"CT_CSS_SKIP_RULE","text-transform":"CT_CSS_SKIP_RULE","text-decoration":"CT_CSS_SKIP_RULE"},"pageTitleFontColor":{"default":{"color":"CT_CSS_SKIP_RULEDEFAULT"}},"pageMetaFont":{"family":"Default","variation":"n6","size":"12px","line-height":"1.3","letter-spacing":"CT_CSS_SKIP_RULE","text-transform":"uppercase","text-decoration":"CT_CSS_SKIP_RULE"},"pageMetaFontColor":{"default":{"color":"CT_CSS_SKIP_RULEDEFAULT"},"hover":{"color":"CT_CSS_SKIP_RULEDEFAULT"}},"page_meta_button_type_font_colors":{"default":{"color":"CT_CSS_SKIP_RULEDEFAULT"},"hover":{"color":"CT_CSS_SKIP_RULEDEFAULT"}},"page_meta_button_type_background_colors":{"default":{"color":"CT_CSS_SKIP_RULEDEFAULT"},"hover":{"color":"CT_CSS_SKIP_RULEDEFAULT"}},"pageExcerptFont":{"family":"Default","variation":"Default","size":"CT_CSS_SKIP_RULE","line-height":"CT_CSS_SKIP_RULE","letter-spacing":"CT_CSS_SKIP_RULE","text-transform":"CT_CSS_SKIP_RULE","text-decoration":"CT_CSS_SKIP_RULE"},"pageExcerptColor":{"default":{"color":"CT_CSS_SKIP_RULEDEFAULT"}},"breadcrumbsFont":{"family":"Default","variation":"Default","size":"CT_CSS_SKIP_RULE","line-height":"CT_CSS_SKIP_RULE","letter-spacing":"CT_CSS_SKIP_RULE","text-transform":"CT_CSS_SKIP_RULE","text-decoration":"CT_CSS_SKIP_RULE"},"breadcrumbsFontColor":{"default":{"color":"CT_CSS_SKIP_RULEDEFAULT"},"initial":{"color":"CT_CSS_SKIP_RULEDEFAULT"},"hover":{"color":"CT_CSS_SKIP_RULEDEFAULT"}},"pageTitleOverlay":{"background_type":"color","background_pattern":"type-1","background_image":{"attachment_id":null,"x":0,"y":0},"gradient":"linear-gradient(135deg,rgba(6,147,227,1) 0%,rgb(155,81,224) 100%)","background_repeat":"repeat","background_size":"auto","background_attachment":"scroll","patternColor":{"default":{"color":"#e5e7ea"}},"overlayColor":{"default":{"color":"CT_CSS_SKIP_RULE"}},"backgroundColor":{"default":{"color":"CT_CSS_SKIP_RULE"}}},"pageTitleBackground":{"background_type":"color","background_pattern":"type-1","background_image":{"attachment_id":null,"x":0,"y":0},"gradient":"linear-gradient(135deg,rgba(6,147,227,1) 0%,rgb(155,81,224) 100%)","background_repeat":"repeat","background_size":"auto","background_attachment":"scroll","patternColor":{"default":{"color":"#e5e7ea"}},"overlayColor":{"default":{"color":"CT_CSS_SKIP_RULE"}},"backgroundColor":{"default":{"color":"var(--theme-palette-color-6)"}}},"pageTitlePadding":{"top":"50px","bottom":"50px","left":"auto","right":"auto","linked":true},"7ceb88a653c0308f310135f4d8d70830":"","page_structure_type":"default","b6f2461d9e56992dd665c88b2bfaeb75":"","content_style_source":"inherit","content_style":"wide","vertical_spacing_source":"custom","content_area_spacing":"none","background":{"background_type":"color","background_pattern":"type-1","background_image":{"attachment_id":null,"x":0,"y":0},"gradient":"linear-gradient(135deg,rgba(6,147,227,1) 0%,rgb(155,81,224) 100%)","background_repeat":"repeat","background_size":"auto","background_attachment":"scroll","patternColor":{"default":{"color":"#e5e7ea"}},"overlayColor":{"default":{"color":"CT_CSS_SKIP_RULE"}},"backgroundColor":{"default":{"color":"CT_CSS_SKIP_RULE"}}},"content_background":{"background_type":"color","background_pattern":"type-1","background_image":{"attachment_id":null,"x":0,"y":0},"gradient":"linear-gradient(135deg,rgba(6,147,227,1) 0%,rgb(155,81,224) 100%)","background_repeat":"repeat","background_size":"auto","background_attachment":"scroll","patternColor":{"default":{"color":"#e5e7ea"}},"overlayColor":{"default":{"color":"CT_CSS_SKIP_RULE"}},"backgroundColor":{"default":{"color":"var(--theme-palette-color-8)"}}},"content_boxed_shadow":{"inherit":false,"blur":18,"spread":-6,"v_offset":12,"h_offset":0,"inset":false,"enable":true,"color":{"color":"rgba(34, 56, 101, 0.04)"}},"boxed_content_spacing":{"desktop":{"top":"40px","bottom":"40px","left":"40px","right":"40px","linked":true},"tablet":{"top":"35px","bottom":"35px","left":"35px","right":"35px","linked":true},"mobile":{"top":"20px","bottom":"20px","left":"20px","right":"20px","linked":true}},"content_boxed_radius":{"top":"3px","bottom":"3px","left":"3px","right":"3px","linked":true},"4cf193c4caaee4a2ef3bf4f68039811c":"","disable_featured_image":"no","disable_share_box":"no","disable_header":"no","disable_footer":"no"},"_links":{"self":[{"href":"https:\/\/lefilatelier.com\/de\/wp-json\/wp\/v2\/pages\/653","targetHints":{"allow":["GET"]}}],"collection":[{"href":"https:\/\/lefilatelier.com\/de\/wp-json\/wp\/v2\/pages"}],"about":[{"href":"https:\/\/lefilatelier.com\/de\/wp-json\/wp\/v2\/types\/page"}],"author":[{"embeddable":true,"href":"https:\/\/lefilatelier.com\/de\/wp-json\/wp\/v2\/users\/1"}],"replies":[{"embeddable":true,"href":"https:\/\/lefilatelier.com\/de\/wp-json\/wp\/v2\/comments?post=653"}],"version-history":[{"count":22,"href":"https:\/\/lefilatelier.com\/de\/wp-json\/wp\/v2\/pages\/653\/revisions"}],"predecessor-version":[{"id":1090,"href":"https:\/\/lefilatelier.com\/de\/wp-json\/wp\/v2\/pages\/653\/revisions\/1090"}],"wp:featuredmedia":[{"embeddable":true,"href":"https:\/\/lefilatelier.com\/de\/wp-json\/wp\/v2\/media\/919"}],"wp:attachment":[{"href":"https:\/\/lefilatelier.com\/de\/wp-json\/wp\/v2\/media?parent=653"}],"curies":[{"name":"wp","href":"https:\/\/api.w.org\/{rel}","templated":true}]}}