{"id":672,"date":"2025-02-19T23:09:26","date_gmt":"2025-02-19T23:09:26","guid":{"rendered":"https:\/\/lefilatelier.com.borgis.ch-meta.net\/?page_id=672"},"modified":"2025-10-24T08:12:46","modified_gmt":"2025-10-24T08:12:46","slug":"handler-finden","status":"publish","type":"page","link":"https:\/\/lefilatelier.com\/de\/handler-finden\/","title":{"rendered":"H\u00e4ndler finden"},"content":{"rendered":"\n<p>Wir lieben es, kleine Gesch\u00e4fte zu unterst\u00fctzen. Wenn also dein Lieblings-Shop hier noch nicht aufgef\u00fchrt ist, dann empfehle uns doch gerne weiter. Wir freuen uns auf die <a href=\"https:\/\/lefilatelier.com\/contact\/\" data-type=\"page\" data-id=\"654\">Kontaktaufnahme<\/a>!<\/p>\n\n\n\n<p>Entdecke unsere Produkte in den folgenden Shops<\/p>\n\n\n\n<h3 class=\"wp-block-heading\">Schweiz<\/h3>\n\n\n\n<div class=\"wp-block-stackable-columns stk-block-columns stk-block stk-1ddab54\" data-block-id=\"1ddab54\"><div class=\"stk-row stk-inner-blocks stk-block-content stk-content-align stk-1ddab54-column\">\n<div class=\"wp-block-stackable-column stk-block-column stk-column stk-block stk-eefeb5a\" data-v=\"4\" data-block-id=\"eefeb5a\"><div class=\"stk-column-wrapper stk-block-column__content stk-container stk-eefeb5a-container stk--no-background stk--no-padding\"><div class=\"stk-block-content stk-inner-blocks stk-eefeb5a-inner-blocks\">\n<div class=\"wp-block-stackable-card stk-block-card stk-block stk-a085b31 is-style-default\" data-v=\"2\" data-block-id=\"a085b31\"><div class=\"stk--no-padding stk-container stk-a085b31-container stk-hover-parent\"><figure class=\"stk-block-card__image stk-img-wrapper stk-image--shape-stretch\"><img loading=\"lazy\" decoding=\"async\" class=\"stk-img wp-image-1100\" src=\"https:\/\/lefilatelier.com\/wp-content\/uploads\/2025\/07\/85012c_8b0898b88a7447e2b558cc787e7ba0a1mv2.avif\" width=\"889\" height=\"667\"\/><\/figure><div class=\"stk-container-padding stk-block-card__content\"><div class=\"stk-block-content stk-inner-blocks stk-a085b31-inner-blocks\">\n<div class=\"wp-block-stackable-heading stk-block-heading stk-block-heading--v2 stk-block stk-be0ba61\" id=\"meine-masche\" data-block-id=\"be0ba61\"><h2 class=\"stk-block-heading__text\">Meine Masche<\/h2><\/div>\n\n\n\n<div class=\"wp-block-stackable-subtitle stk-block-subtitle stk-block stk-3e6ffef\" data-block-id=\"3e6ffef\"><p class=\"stk-block-subtitle__text stk-subtitle\">Onlineshop + Laden<br><br>Meine Masche by Nicole Mante <br>Mariabergstrasse 5<br>CH-9400 Rorschach SG<br><br>Tel: +41 44 251 57 57<br>Mail: info@meinemasche.ch<br>Website: <a href=\"https:\/\/www.meinemasche.ch\/\">https:\/\/www.meinemasche.ch\/<\/a><\/p><\/div>\n\n\n\n<div class=\"wp-block-buttons is-layout-flex wp-block-buttons-is-layout-flex\">\n<div class=\"wp-block-button\"><a class=\"wp-block-button__link wp-element-button\" href=\"https:\/\/www.meinemasche.ch\/\" target=\"_blank\" rel=\"noreferrer noopener nofollow\">zum Shop<\/a><\/div>\n<\/div>\n<\/div><\/div><\/div><\/div>\n<\/div><\/div><\/div>\n\n\n\n<div class=\"wp-block-stackable-column stk-block-column stk-column stk-block stk-afbce9c\" data-v=\"4\" data-block-id=\"afbce9c\"><div class=\"stk-column-wrapper stk-block-column__content stk-container stk-afbce9c-container stk--no-background stk--no-padding\"><div class=\"stk-block-content stk-inner-blocks stk-afbce9c-inner-blocks\">\n<div class=\"wp-block-stackable-card stk-block-card stk-block stk-cc41de6 is-style-default\" data-v=\"2\" data-block-id=\"cc41de6\"><div class=\"stk--no-padding stk-container stk-cc41de6-container stk-hover-parent\"><figure class=\"stk-block-card__image stk-img-wrapper stk-image--shape-stretch\"><img loading=\"lazy\" decoding=\"async\" class=\"stk-img wp-image-1116\" src=\"https:\/\/lefilatelier.com\/wp-content\/uploads\/2025\/10\/Logo-Tuttolana-1.png\" width=\"397\" height=\"300\" srcset=\"https:\/\/lefilatelier.com\/wp-content\/uploads\/2025\/10\/Logo-Tuttolana-1.png 397w, https:\/\/lefilatelier.com\/wp-content\/uploads\/2025\/10\/Logo-Tuttolana-1-300x227.png 300w, https:\/\/lefilatelier.com\/wp-content\/uploads\/2025\/10\/Logo-Tuttolana-1-16x12.png 16w\" sizes=\"auto, (max-width: 397px) 100vw, 397px\" \/><\/figure><div class=\"stk-container-padding stk-block-card__content\"><div class=\"stk-block-content stk-inner-blocks stk-cc41de6-inner-blocks\">\n<div class=\"wp-block-stackable-heading stk-block-heading stk-block-heading--v2 stk-block stk-4994d0b\" id=\"tuttolana\" data-block-id=\"4994d0b\"><h2 class=\"stk-block-heading__text\">Tuttolana<\/h2><\/div>\n\n\n\n<div class=\"wp-block-stackable-subtitle stk-block-subtitle stk-block stk-a44e415\" data-block-id=\"a44e415\"><p class=\"stk-block-subtitle__text stk-subtitle\">Onlineshop + Laden<br><br>Tuttolana Z\u00fcrich<br>Neumarkt 10<br>CH-8001 Z\u00fcrich<br>Tel: + 41 44 251 57 57<br><br>Tuttolana B\u00fclach<br>Marktgasse 25<br>CH-8180 B\u00fclach<br>Tel: + 41 44 862 36 36<br><br>Mail: mail@tuttolana.ch<br>Website: https:\/\/www.tuttolana.ch\/<\/p><\/div>\n\n\n\n<div class=\"wp-block-buttons is-layout-flex wp-block-buttons-is-layout-flex\">\n<div class=\"wp-block-button\"><a class=\"wp-block-button__link wp-element-button\" href=\"https:\/\/www.tuttolana.ch\/\" target=\"_blank\" rel=\"noreferrer noopener nofollow\">zum Shop<\/a><\/div>\n<\/div>\n<\/div><\/div><\/div><\/div>\n<\/div><\/div><\/div>\n\n\n\n<div class=\"wp-block-stackable-column stk-block-column stk-column stk-block stk-d6b0a5b\" data-v=\"4\" data-block-id=\"d6b0a5b\"><div class=\"stk-column-wrapper stk-block-column__content stk-container stk-d6b0a5b-container stk--no-background stk--no-padding\"><div class=\"stk-block-content stk-inner-blocks stk-d6b0a5b-inner-blocks\">\n<div class=\"wp-block-stackable-card stk-block-card stk-block stk-1c24658 is-style-default\" data-v=\"2\" data-block-id=\"1c24658\"><div class=\"stk--no-padding stk-container stk-1c24658-container stk-hover-parent\"><figure class=\"stk-block-card__image stk-img-wrapper stk-image--shape-stretch\"><img loading=\"lazy\" decoding=\"async\" class=\"stk-img wp-image-920\" src=\"https:\/\/lefilatelier.com\/wp-content\/uploads\/2025\/03\/Wolle-7_Bild-e1741694033659.png\" width=\"882\" height=\"882\" srcset=\"https:\/\/lefilatelier.com\/wp-content\/uploads\/2025\/03\/Wolle-7_Bild-e1741694033659.png 882w, https:\/\/lefilatelier.com\/wp-content\/uploads\/2025\/03\/Wolle-7_Bild-e1741694033659-300x300.png 300w, https:\/\/lefilatelier.com\/wp-content\/uploads\/2025\/03\/Wolle-7_Bild-e1741694033659-150x150.png 150w, https:\/\/lefilatelier.com\/wp-content\/uploads\/2025\/03\/Wolle-7_Bild-e1741694033659-768x768.png 768w, https:\/\/lefilatelier.com\/wp-content\/uploads\/2025\/03\/Wolle-7_Bild-e1741694033659-12x12.png 12w\" sizes=\"auto, (max-width: 882px) 100vw, 882px\" \/><\/figure><div class=\"stk-container-padding stk-block-card__content\"><div class=\"stk-block-content stk-inner-blocks stk-1c24658-inner-blocks\">\n<div class=\"wp-block-stackable-heading stk-block-heading stk-block-heading--v2 stk-block stk-54a136d\" id=\"wolle-7\" data-block-id=\"54a136d\"><h2 class=\"stk-block-heading__text\">Wolle 7<\/h2><\/div>\n\n\n\n<div class=\"wp-block-stackable-subtitle stk-block-subtitle stk-block stk-4d87753\" data-block-id=\"4d87753\"><p class=\"stk-block-subtitle__text stk-subtitle\">Onlineshop + Laden<br><br>Wolle 7 GmbH<br>Schachenstrasse 82<br>CH-8645 Jona<br>Switzerland<br><br>Tel: +41 79 329 49 36<br>Mail: info@wolle7.ch<br>Website: www.wolle7.ch<\/p><\/div>\n\n\n\n<div class=\"wp-block-buttons is-layout-flex wp-block-buttons-is-layout-flex\">\n<div class=\"wp-block-button\"><a class=\"wp-block-button__link wp-element-button\" href=\"https:\/\/wolle7.ch\/brand\/73-le-fil-atelier\" target=\"_blank\" rel=\"noreferrer noopener\">zum Shop<\/a><\/div>\n<\/div>\n<\/div><\/div><\/div><\/div>\n<\/div><\/div><\/div>\n<\/div><\/div>\n\n\n\n<p><\/p>\n\n\n\n<h3 class=\"wp-block-heading\">Deutschland<\/h3>\n\n\n\n<div class=\"wp-block-stackable-columns stk-block-columns stk-block stk-5c61e56\" data-block-id=\"5c61e56\"><div class=\"stk-row stk-inner-blocks stk-block-content stk-content-align stk-5c61e56-column\">\n<div class=\"wp-block-stackable-column stk-block-column stk-column stk-block stk-d66d513\" data-v=\"4\" data-block-id=\"d66d513\"><div class=\"stk-column-wrapper stk-block-column__content stk-container stk-d66d513-container stk--no-background stk--no-padding\"><div class=\"stk-block-content stk-inner-blocks stk-d66d513-inner-blocks\">\n<div class=\"wp-block-stackable-card stk-block-card stk-block stk-05c8947 is-style-default\" data-v=\"2\" data-block-id=\"05c8947\"><div class=\"stk--no-padding stk-container stk-05c8947-container stk-hover-parent\"><figure class=\"stk-block-card__image stk-img-wrapper stk-image--shape-stretch\"><img loading=\"lazy\" decoding=\"async\" class=\"stk-img wp-image-1115\" src=\"https:\/\/lefilatelier.com\/wp-content\/uploads\/2025\/10\/Logo-Wool.love_.png\" width=\"397\" height=\"300\" srcset=\"https:\/\/lefilatelier.com\/wp-content\/uploads\/2025\/10\/Logo-Wool.love_.png 397w, https:\/\/lefilatelier.com\/wp-content\/uploads\/2025\/10\/Logo-Wool.love_-300x227.png 300w, https:\/\/lefilatelier.com\/wp-content\/uploads\/2025\/10\/Logo-Wool.love_-16x12.png 16w\" sizes=\"auto, (max-width: 397px) 100vw, 397px\" \/><\/figure><div class=\"stk-container-padding stk-block-card__content\"><div class=\"stk-block-content stk-inner-blocks stk-05c8947-inner-blocks\">\n<div class=\"wp-block-stackable-heading stk-block-heading stk-block-heading--v2 stk-block stk-3632799\" id=\"wool-love\" data-block-id=\"3632799\"><h2 class=\"stk-block-heading__text\">WOOL.LOVE<\/h2><\/div>\n\n\n\n<div class=\"wp-block-stackable-subtitle stk-block-subtitle stk-block stk-0cfd112\" data-block-id=\"0cfd112\"><p class=\"stk-block-subtitle__text stk-subtitle\">Onlineshop + Laden<br><br>Wool.Love Hamburg<br>Bramfelder Chaussee 235<br>22177 Hamburg<br><br>Tel: +494063651760<br>Mail: <a href=\"mailto:info@wool-love.de\">info@wool-love.de<\/a><br>Website: <a href=\"https:\/\/wool-love.de\/\">https:\/\/wool-love.de\/<\/a><\/p><\/div>\n\n\n\n<div class=\"wp-block-buttons is-layout-flex wp-block-buttons-is-layout-flex\">\n<div class=\"wp-block-button\"><a class=\"wp-block-button__link wp-element-button\" href=\"https:\/\/wool-love.de\/\" target=\"_blank\" rel=\"noreferrer noopener nofollow\">zum Shop<\/a><\/div>\n<\/div>\n<\/div><\/div><\/div><\/div>\n<\/div><\/div><\/div>\n\n\n\n<div class=\"wp-block-stackable-column stk-block-column stk-column stk-block stk-8a9e415\" data-v=\"4\" data-block-id=\"8a9e415\"><div class=\"stk-column-wrapper stk-block-column__content stk-container stk-8a9e415-container stk--no-background stk--no-padding\"><div class=\"stk-block-content stk-inner-blocks stk-8a9e415-inner-blocks\"><\/div><\/div><\/div>\n\n\n\n<div class=\"wp-block-stackable-column stk-block-column stk-column stk-block stk-69ef188\" data-v=\"4\" data-block-id=\"69ef188\"><div class=\"stk-column-wrapper stk-block-column__content stk-container stk-69ef188-container stk--no-background stk--no-padding\"><div class=\"stk-block-content stk-inner-blocks stk-69ef188-inner-blocks\"><\/div><\/div><\/div>\n<\/div><\/div>\n\n\n\n<p><\/p>\n","protected":false},"excerpt":{"rendered":"<p>Wir lieben es, kleine Gesch\u00e4fte zu unterst\u00fctzen. Wenn also dein Lieblings-Shop hier noch nicht aufgef\u00fchrt ist, dann empfehle uns doch gerne weiter. Wir freuen uns auf die Kontaktaufnahme! Entdecke unsere Produkte in den folgenden Shops Schweiz Meine Masche Onlineshop + Laden Meine Masche by Nicole Mante Mariabergstrasse 5CH-9400 Rorschach SG Tel: +41 44 251 57 [&hellip;]<\/p>\n","protected":false},"author":1,"featured_media":919,"parent":0,"menu_order":0,"comment_status":"closed","ping_status":"closed","template":"","meta":{"footnotes":""},"class_list":["post-672","page","type-page","status-publish","has-post-thumbnail","hentry"],"blocksy_meta":[],"_links":{"self":[{"href":"https:\/\/lefilatelier.com\/de\/wp-json\/wp\/v2\/pages\/672","targetHints":{"allow":["GET"]}}],"collection":[{"href":"https:\/\/lefilatelier.com\/de\/wp-json\/wp\/v2\/pages"}],"about":[{"href":"https:\/\/lefilatelier.com\/de\/wp-json\/wp\/v2\/types\/page"}],"author":[{"embeddable":true,"href":"https:\/\/lefilatelier.com\/de\/wp-json\/wp\/v2\/users\/1"}],"replies":[{"embeddable":true,"href":"https:\/\/lefilatelier.com\/de\/wp-json\/wp\/v2\/comments?post=672"}],"version-history":[{"count":20,"href":"https:\/\/lefilatelier.com\/de\/wp-json\/wp\/v2\/pages\/672\/revisions"}],"predecessor-version":[{"id":1117,"href":"https:\/\/lefilatelier.com\/de\/wp-json\/wp\/v2\/pages\/672\/revisions\/1117"}],"wp:featuredmedia":[{"embeddable":true,"href":"https:\/\/lefilatelier.com\/de\/wp-json\/wp\/v2\/media\/919"}],"wp:attachment":[{"href":"https:\/\/lefilatelier.com\/de\/wp-json\/wp\/v2\/media?parent=672"}],"curies":[{"name":"wp","href":"https:\/\/api.w.org\/{rel}","templated":true}]}}