{"id":714,"date":"2025-02-20T15:14:26","date_gmt":"2025-02-20T15:14:26","guid":{"rendered":"https:\/\/lefilatelier.com.borgis.ch-meta.net\/?page_id=714"},"modified":"2025-03-11T12:18:02","modified_gmt":"2025-03-11T12:18:02","slug":"unsere-produkte","status":"publish","type":"page","link":"https:\/\/lefilatelier.com\/de\/unsere-produkte\/","title":{"rendered":"Unsere Produkte"},"content":{"rendered":"<div class=\"wp-block-blocksy-query\" data-id=\"19938b48\"><div class=\"ct-posts-block\" data-prefix=\"class_archive\"><div class=\"entries\" data-archive=\"default\" data-layout=\"grid\" data-cards=\"boxed\" data-hover=\"zoom-in\"><article class=\"entry-card card-content post-1133 class type-class status-publish has-post-thumbnail hentry\" data-reveal=\"bottom:no\"><a class=\"ct-media-container boundless-image has-hover-effect\" href=\"https:\/\/lefilatelier.com\/de\/class\/add-ons\/\" aria-label=\"Add-ons f\u00fcr Midi und Maxi Box &#8211; unendliche M\u00f6glichkeiten\"><img decoding=\"async\" width=\"768\" height=\"768\" src=\"https:\/\/lefilatelier.com\/wp-content\/uploads\/2026\/03\/Add-on-768x768.jpg\" class=\"attachment-medium_large size-medium_large wp-post-image\" alt=\"\" loading=\"lazy\" srcset=\"https:\/\/lefilatelier.com\/wp-content\/uploads\/2026\/03\/Add-on-768x768.jpg 768w, https:\/\/lefilatelier.com\/wp-content\/uploads\/2026\/03\/Add-on-300x300.jpg 300w, https:\/\/lefilatelier.com\/wp-content\/uploads\/2026\/03\/Add-on-150x150.jpg 150w, https:\/\/lefilatelier.com\/wp-content\/uploads\/2026\/03\/Add-on-12x12.jpg 12w, https:\/\/lefilatelier.com\/wp-content\/uploads\/2026\/03\/Add-on.jpg 800w\" sizes=\"auto, (max-width: 768px) 100vw, 768px\" itemprop=\"image\" style=\"aspect-ratio: 1\/1;\" \/><\/a><h2 class=\"entry-title\"><a href=\"https:\/\/lefilatelier.com\/de\/class\/add-ons\/\" rel=\"bookmark\">Add-ons f\u00fcr Midi und Maxi Box &#8211; unendliche M\u00f6glichkeiten<\/a><\/h2><div class=\"entry-excerpt\"><p>Schaffe zus\u00e4tzlichen Stauraum mit unseren Add-ons! Anstelle eines Deckels schraubst du einfach eine weitere Box oben drauf und noch eine\u2026<\/p>\n<\/div><a class=\"entry-button ct-button\" href=\"https:\/\/lefilatelier.com\/de\/class\/add-ons\/\">zum Produkt<span class=\"screen-reader-text\">Add-ons f\u00fcr Midi und Maxi Box &#8211; unendliche M\u00f6glichkeiten<\/span><\/a><\/article><article class=\"entry-card card-content post-935 class type-class status-publish has-post-thumbnail hentry\" data-reveal=\"bottom:no\"><a class=\"ct-media-container boundless-image has-hover-effect\" href=\"https:\/\/lefilatelier.com\/de\/class\/mini-box\/\" aria-label=\"On your mark(er) Mini Box &#8211; Dose f\u00fcr Maschenmarkierer\"><img decoding=\"async\" width=\"768\" height=\"768\" src=\"https:\/\/lefilatelier.com\/wp-content\/uploads\/2025\/03\/8-768x768.png\" class=\"attachment-medium_large size-medium_large wp-post-image\" alt=\"\" loading=\"lazy\" srcset=\"https:\/\/lefilatelier.com\/wp-content\/uploads\/2025\/03\/8-768x768.png 768w, https:\/\/lefilatelier.com\/wp-content\/uploads\/2025\/03\/8-300x300.png 300w, https:\/\/lefilatelier.com\/wp-content\/uploads\/2025\/03\/8-150x150.png 150w, https:\/\/lefilatelier.com\/wp-content\/uploads\/2025\/03\/8-12x12.png 12w, https:\/\/lefilatelier.com\/wp-content\/uploads\/2025\/03\/8.png 800w\" sizes=\"auto, (max-width: 768px) 100vw, 768px\" itemprop=\"image\" style=\"aspect-ratio: 1\/1;\" \/><\/a><h2 class=\"entry-title\"><a href=\"https:\/\/lefilatelier.com\/de\/class\/mini-box\/\" rel=\"bookmark\">On your mark(er) Mini Box &#8211; Dose f\u00fcr Maschenmarkierer<\/a><\/h2><div class=\"entry-excerpt\"><p>Diese kompakte Mini-Dose ist die ideale Aufbewahrungsl\u00f6sung f\u00fcr deine Maschenmarkierer oder andere kleine Accessoires f\u00fcrs Stricken und H\u00e4keln. Dank des\u2026<\/p>\n<\/div><a class=\"entry-button ct-button\" href=\"https:\/\/lefilatelier.com\/de\/class\/mini-box\/\">zum Produkt<span class=\"screen-reader-text\">On your mark(er) Mini Box &#8211; Dose f\u00fcr Maschenmarkierer<\/span><\/a><\/article><article class=\"entry-card card-content post-174 class type-class status-publish has-post-thumbnail hentry\" data-reveal=\"bottom:no\"><a class=\"ct-media-container boundless-image has-hover-effect\" href=\"https:\/\/lefilatelier.com\/de\/class\/midi-box\/\" aria-label=\"All you knit Midi Box &#8211; kleine Dose f\u00fcr Strickutensilien\"><img decoding=\"async\" width=\"768\" height=\"768\" src=\"https:\/\/lefilatelier.com\/wp-content\/uploads\/2025\/03\/7-768x768.png\" class=\"attachment-medium_large size-medium_large wp-post-image\" alt=\"\" loading=\"lazy\" srcset=\"https:\/\/lefilatelier.com\/wp-content\/uploads\/2025\/03\/7-768x768.png 768w, https:\/\/lefilatelier.com\/wp-content\/uploads\/2025\/03\/7-300x300.png 300w, https:\/\/lefilatelier.com\/wp-content\/uploads\/2025\/03\/7-150x150.png 150w, https:\/\/lefilatelier.com\/wp-content\/uploads\/2025\/03\/7-12x12.png 12w, https:\/\/lefilatelier.com\/wp-content\/uploads\/2025\/03\/7.png 800w\" sizes=\"auto, (max-width: 768px) 100vw, 768px\" itemprop=\"image\" style=\"aspect-ratio: 1\/1;\" \/><\/a><h2 class=\"entry-title\"><a href=\"https:\/\/lefilatelier.com\/de\/class\/midi-box\/\" rel=\"bookmark\">All you knit Midi Box &#8211; kleine Dose f\u00fcr Strickutensilien<\/a><\/h2><div class=\"entry-excerpt\"><p>Ordnung halten leicht gemacht! Mit der Midi Box hast du deine Strickutensilien stets griffbereit. Wie oft hast du schon in\u2026<\/p>\n<\/div><a class=\"entry-button ct-button\" href=\"https:\/\/lefilatelier.com\/de\/class\/midi-box\/\">zum Produkt<span class=\"screen-reader-text\">All you knit Midi Box &#8211; kleine Dose f\u00fcr Strickutensilien<\/span><\/a><\/article><article class=\"entry-card card-content post-173 class type-class status-publish has-post-thumbnail hentry\" data-reveal=\"bottom:no\"><a class=\"ct-media-container boundless-image has-hover-effect\" href=\"https:\/\/lefilatelier.com\/de\/class\/maxi-box\/\" aria-label=\"All you knit Maxi Box &#8211; grosse Dose f\u00fcr Strickutensilien\"><img decoding=\"async\" width=\"768\" height=\"768\" src=\"https:\/\/lefilatelier.com\/wp-content\/uploads\/2025\/03\/6-768x768.png\" class=\"attachment-medium_large size-medium_large wp-post-image\" alt=\"\" loading=\"lazy\" srcset=\"https:\/\/lefilatelier.com\/wp-content\/uploads\/2025\/03\/6-768x768.png 768w, https:\/\/lefilatelier.com\/wp-content\/uploads\/2025\/03\/6-300x300.png 300w, https:\/\/lefilatelier.com\/wp-content\/uploads\/2025\/03\/6-150x150.png 150w, https:\/\/lefilatelier.com\/wp-content\/uploads\/2025\/03\/6-12x12.png 12w, https:\/\/lefilatelier.com\/wp-content\/uploads\/2025\/03\/6.png 800w\" sizes=\"auto, (max-width: 768px) 100vw, 768px\" itemprop=\"image\" style=\"aspect-ratio: 1\/1;\" \/><\/a><h2 class=\"entry-title\"><a href=\"https:\/\/lefilatelier.com\/de\/class\/maxi-box\/\" rel=\"bookmark\">All you knit Maxi Box &#8211; grosse Dose f\u00fcr Strickutensilien<\/a><\/h2><div class=\"entry-excerpt\"><p>Die All you knit &#8211; Maxi Box ist die grosse Schwester der Midi Box und bietet dir Platz f\u00fcr s\u00e4mtliche\u2026<\/p>\n<\/div><a class=\"entry-button ct-button\" href=\"https:\/\/lefilatelier.com\/de\/class\/maxi-box\/\">zum Produkt<span class=\"screen-reader-text\">All you knit Maxi Box &#8211; grosse Dose f\u00fcr Strickutensilien<\/span><\/a><\/article><\/div><\/div><\/div>","protected":false},"excerpt":{"rendered":"","protected":false},"author":1,"featured_media":919,"parent":0,"menu_order":0,"comment_status":"closed","ping_status":"closed","template":"","meta":{"footnotes":""},"class_list":["post-714","page","type-page","status-publish","has-post-thumbnail","hentry"],"blocksy_meta":[],"_links":{"self":[{"href":"https:\/\/lefilatelier.com\/de\/wp-json\/wp\/v2\/pages\/714","targetHints":{"allow":["GET"]}}],"collection":[{"href":"https:\/\/lefilatelier.com\/de\/wp-json\/wp\/v2\/pages"}],"about":[{"href":"https:\/\/lefilatelier.com\/de\/wp-json\/wp\/v2\/types\/page"}],"author":[{"embeddable":true,"href":"https:\/\/lefilatelier.com\/de\/wp-json\/wp\/v2\/users\/1"}],"replies":[{"embeddable":true,"href":"https:\/\/lefilatelier.com\/de\/wp-json\/wp\/v2\/comments?post=714"}],"version-history":[{"count":9,"href":"https:\/\/lefilatelier.com\/de\/wp-json\/wp\/v2\/pages\/714\/revisions"}],"predecessor-version":[{"id":837,"href":"https:\/\/lefilatelier.com\/de\/wp-json\/wp\/v2\/pages\/714\/revisions\/837"}],"wp:featuredmedia":[{"embeddable":true,"href":"https:\/\/lefilatelier.com\/de\/wp-json\/wp\/v2\/media\/919"}],"wp:attachment":[{"href":"https:\/\/lefilatelier.com\/de\/wp-json\/wp\/v2\/media?parent=714"}],"curies":[{"name":"wp","href":"https:\/\/api.w.org\/{rel}","templated":true}]}}