{"id":743,"date":"2025-02-20T20:27:08","date_gmt":"2025-02-20T20:27:08","guid":{"rendered":"https:\/\/lefilatelier.com.borgis.ch-meta.net\/?page_id=743"},"modified":"2025-03-26T10:48:33","modified_gmt":"2025-03-26T10:48:33","slug":"impressum","status":"publish","type":"page","link":"https:\/\/lefilatelier.com\/de\/impressum\/","title":{"rendered":"Impressum"},"content":{"rendered":"\n<p><strong>Verantwortlich f\u00fcr den Inhalt der Seiten:<\/strong><br><br>Le Fil Atelier<br>Daniel Keller<br>Gl\u00e4rnischstrasse 6<br>CH-8640 Rapperswil<br><br><br>E-Mail: <a href=\"mailto:hello@lefilatelier.com\">hello@lefilatelier.com<\/a><br><br><br><br><strong>Wichtige Hinweise<\/strong><br>Irrt\u00fcmer und \u00c4nderungen vorbehalten.<\/p>\n\n\n\n<p><br>Bilder: Simone Ryan<\/p>\n","protected":false},"excerpt":{"rendered":"<p>Verantwortlich f\u00fcr den Inhalt der Seiten: Le Fil AtelierDaniel KellerGl\u00e4rnischstrasse 6CH-8640 Rapperswil E-Mail: hello@lefilatelier.com Wichtige HinweiseIrrt\u00fcmer und \u00c4nderungen vorbehalten. Bilder: Simone Ryan<\/p>\n","protected":false},"author":1,"featured_media":919,"parent":0,"menu_order":0,"comment_status":"closed","ping_status":"closed","template":"","meta":{"footnotes":""},"class_list":["post-743","page","type-page","status-publish","has-post-thumbnail","hentry"],"blocksy_meta":[],"_links":{"self":[{"href":"https:\/\/lefilatelier.com\/de\/wp-json\/wp\/v2\/pages\/743","targetHints":{"allow":["GET"]}}],"collection":[{"href":"https:\/\/lefilatelier.com\/de\/wp-json\/wp\/v2\/pages"}],"about":[{"href":"https:\/\/lefilatelier.com\/de\/wp-json\/wp\/v2\/types\/page"}],"author":[{"embeddable":true,"href":"https:\/\/lefilatelier.com\/de\/wp-json\/wp\/v2\/users\/1"}],"replies":[{"embeddable":true,"href":"https:\/\/lefilatelier.com\/de\/wp-json\/wp\/v2\/comments?post=743"}],"version-history":[{"count":6,"href":"https:\/\/lefilatelier.com\/de\/wp-json\/wp\/v2\/pages\/743\/revisions"}],"predecessor-version":[{"id":1073,"href":"https:\/\/lefilatelier.com\/de\/wp-json\/wp\/v2\/pages\/743\/revisions\/1073"}],"wp:featuredmedia":[{"embeddable":true,"href":"https:\/\/lefilatelier.com\/de\/wp-json\/wp\/v2\/media\/919"}],"wp:attachment":[{"href":"https:\/\/lefilatelier.com\/de\/wp-json\/wp\/v2\/media?parent=743"}],"curies":[{"name":"wp","href":"https:\/\/api.w.org\/{rel}","templated":true}]}}